{"id":149,"date":"2022-04-06T08:13:46","date_gmt":"2022-04-06T08:13:46","guid":{"rendered":"https:\/\/yogapetra.de\/?page_id=149"},"modified":"2025-03-26T15:11:11","modified_gmt":"2025-03-26T15:11:11","slug":"deine-erste-yogastunde","status":"publish","type":"page","link":"https:\/\/yogapetra.de\/en\/deine-erste-yogastunde\/","title":{"rendered":"Your first yoga class"},"content":{"rendered":"<h5>Namast\u00e9 dear Yogini, dear Yogi!<\/h5>\n<p>Here are some tips for your first yoga class with YogaPetra:<\/p>\n<h5>Which course is suitable for me?<\/h5>\n<p><strong>Beginner course:<\/strong>&nbsp; For beginners (without previous knowledge) or if you have a physical limitation (e.g. back pain), or if you have no yoga experience, this is the right place for you.<\/p>\n<p>At a relaxed pace, you will learn how to perform the most important asanas and how to connect your breath with movement \u2013 and thus gently approach the world of yoga.<\/p>\n<p><strong>advanced course<\/strong>: For everyone who practices or has practiced yoga regularly and is familiar with the basics.<\/p>\n<p>This class is great for you if you have already had a few yoga classes and practice yoga regularly.<\/p>\n<p>Here too, don\u2019t be afraid \u2013 we are all here to learn and not to be able to do things perfectly right from the start.<\/p>\n<h5><strong>Yoga for Everyone<\/strong><\/h5>\n<p>Beginners and advanced practitioners alike benefit from this mixed group. Alternatives to the asanas are always offered during the class, challenging or easier versions, so everyone can take part.<\/p>\n<h5>Your yoga outfit should be comfortable!<\/h5>\n<p>You are welcome to bring your own yoga mat or borrow one from me.<\/p>\n<p>I recommend comfortable jogging pants or leggings that allow freedom of movement; a T-shirt or tank top are ideal and are completely sufficient. For the final relaxation, you can bring something warm to put on (eg socks, scarf, blanket, sweater). We practice barefoot, so shoes are not necessary.<\/p>\n<h5>Plan enough time for your first yoga class!<\/h5>\n<p>To start your first yoga class in a relaxed manner, it is a good idea to allow enough time. It is best to arrive 10 minutes before the class starts, so that we can discuss any questions you may have before the class.<\/p>\n<p>We also want to avoid disturbing the initial relaxation of others if someone arrives late.<\/p>\n<h5>Listen to your body and forget the pressure to perform!<\/h5>\n<p>It is important that you listen to your own body and feel comfortable in the yoga poses. If something hurts, your breath cannot flow freely, is shallow or strained, or you cannot breathe at all because of the effort, then this is a sign that you have gone too far. Please do not force anything, yoga is not a competitive sport.<\/p>\n<p>Don&#039;t compare yourself to other participants in the class, every body is different and maybe the person sitting next to you on the mat has been practicing a little longer than you. Don&#039;t forget that you are on your own personal journey.<\/p>\n<p>There are variations and easier versions of each asana.<\/p>\n<p>If you need a break and it becomes too strenuous, you can always come into a resting position, such as child&#039;s pose, for a few breaths. This is not a sign of weakness, but rather a sign that you have a good understanding of your body and your strength.<\/p>\n<p>Free yourself from your doubts and remain open!<\/p>\n<p><strong>I&#039;m looking forward to our yoga classes together.<\/strong><\/p>\n<p>Namast\u00e9<\/p>\n<p>Petra&nbsp;<\/p>","protected":false},"excerpt":{"rendered":"<p>Namast\u00e9 liebe Yogini, lieber Yogi! Hier findest Du ein paar Hinweise f\u00fcr Deine erste Yogastunde bei YogaPetra: Welcher Kurs ist f\u00fcr mich geeignet ? Anf\u00e4ngerkurs:&nbsp; F\u00fcr Anf\u00e4nger (ohne Vorkenntnisse) oder auch wenn du eine k\u00f6rperliche Einschr\u00e4nkung hast (z.B. R\u00fcckenbeschwerden), wer keine Yoga Erfahrung hat ist hier genau richtig. In entspanntem Tempo erlernst du die Ausf\u00fchrung [&hellip;]<\/p>\n","protected":false},"author":1,"featured_media":0,"parent":0,"menu_order":0,"comment_status":"closed","ping_status":"closed","template":"","meta":{"footnotes":""},"class_list":["post-149","page","type-page","status-publish","hentry","post-wrapper","thrv_wrapper"],"yoast_head":"<!-- This site is optimized with the Yoast SEO plugin v27.4 - https:\/\/yoast.com\/product\/yoast-seo-wordpress\/ -->\n<title>Deine erste Yogastunde - Yoga mit Petra<\/title>\n<meta name=\"description\" content=\"Namast\u00e9 liebe Yogini, lieber Yogi!Hier findest Du ein paar Hinweise f\u00fcr Deine erste Yogastunde bei YogaPetra:Welcher Kurs ist f\u00fcr mich geeignet ?\" \/>\n<meta name=\"robots\" content=\"index, follow, max-snippet:-1, max-image-preview:large, max-video-preview:-1\" \/>\n<link rel=\"canonical\" href=\"https:\/\/yogapetra.de\/en\/deine-erste-yogastunde\/\" \/>\n<meta property=\"og:locale\" content=\"en_GB\" \/>\n<meta property=\"og:type\" content=\"article\" \/>\n<meta property=\"og:title\" content=\"Deine erste Yogastunde - Yoga mit Petra\" \/>\n<meta property=\"og:description\" content=\"Namast\u00e9 liebe Yogini, lieber Yogi!Hier findest Du ein paar Hinweise f\u00fcr Deine erste Yogastunde bei YogaPetra:Welcher Kurs ist f\u00fcr mich geeignet ?\" \/>\n<meta property=\"og:url\" content=\"https:\/\/yogapetra.de\/en\/deine-erste-yogastunde\/\" \/>\n<meta property=\"og:site_name\" content=\"Yoga mit Petra\" \/>\n<meta property=\"article:modified_time\" content=\"2025-03-26T15:11:11+00:00\" \/>\n<meta name=\"twitter:card\" content=\"summary_large_image\" \/>\n<meta name=\"twitter:label1\" content=\"Estimated reading time\" \/>\n\t<meta name=\"twitter:data1\" content=\"3 minutes\" \/>\n<script type=\"application\/ld+json\" class=\"yoast-schema-graph\">{\"@context\":\"https:\\\/\\\/schema.org\",\"@graph\":[{\"@type\":\"WebPage\",\"@id\":\"https:\\\/\\\/yogapetra.de\\\/deine-erste-yogastunde\\\/\",\"url\":\"https:\\\/\\\/yogapetra.de\\\/deine-erste-yogastunde\\\/\",\"name\":\"Deine erste Yogastunde - Yoga mit Petra\",\"isPartOf\":{\"@id\":\"https:\\\/\\\/yogapetra.de\\\/#website\"},\"datePublished\":\"2022-04-06T08:13:46+00:00\",\"dateModified\":\"2025-03-26T15:11:11+00:00\",\"description\":\"Namast\u00e9 liebe Yogini, lieber Yogi!Hier findest Du ein paar Hinweise f\u00fcr Deine erste Yogastunde bei YogaPetra:Welcher Kurs ist f\u00fcr mich geeignet ?\",\"breadcrumb\":{\"@id\":\"https:\\\/\\\/yogapetra.de\\\/deine-erste-yogastunde\\\/#breadcrumb\"},\"inLanguage\":\"en-GB\",\"potentialAction\":[{\"@type\":\"ReadAction\",\"target\":[\"https:\\\/\\\/yogapetra.de\\\/deine-erste-yogastunde\\\/\"]}]},{\"@type\":\"BreadcrumbList\",\"@id\":\"https:\\\/\\\/yogapetra.de\\\/deine-erste-yogastunde\\\/#breadcrumb\",\"itemListElement\":[{\"@type\":\"ListItem\",\"position\":1,\"name\":\"Startseite\",\"item\":\"https:\\\/\\\/yogapetra.de\\\/\"},{\"@type\":\"ListItem\",\"position\":2,\"name\":\"Deine erste Yogastunde\"}]},{\"@type\":\"WebSite\",\"@id\":\"https:\\\/\\\/yogapetra.de\\\/#website\",\"url\":\"https:\\\/\\\/yogapetra.de\\\/\",\"name\":\"Yoga mit Petra\",\"description\":\"Dein Yoga in Donauw\u00f6rth\",\"potentialAction\":[{\"@type\":\"SearchAction\",\"target\":{\"@type\":\"EntryPoint\",\"urlTemplate\":\"https:\\\/\\\/yogapetra.de\\\/?s={search_term_string}\"},\"query-input\":{\"@type\":\"PropertyValueSpecification\",\"valueRequired\":true,\"valueName\":\"search_term_string\"}}],\"inLanguage\":\"en-GB\"}]}<\/script>\n<!-- \/ Yoast SEO plugin. -->","yoast_head_json":{"title":"Your first yoga class - Yoga with Petra","description":"Namast\u00e9, dear yogi! Here are a few tips for your first yoga class with YogaPetra:Which class is right for me?","robots":{"index":"index","follow":"follow","max-snippet":"max-snippet:-1","max-image-preview":"max-image-preview:large","max-video-preview":"max-video-preview:-1"},"canonical":"https:\/\/yogapetra.de\/en\/deine-erste-yogastunde\/","og_locale":"en_GB","og_type":"article","og_title":"Deine erste Yogastunde - Yoga mit Petra","og_description":"Namast\u00e9 liebe Yogini, lieber Yogi!Hier findest Du ein paar Hinweise f\u00fcr Deine erste Yogastunde bei YogaPetra:Welcher Kurs ist f\u00fcr mich geeignet ?","og_url":"https:\/\/yogapetra.de\/en\/deine-erste-yogastunde\/","og_site_name":"Yoga mit Petra","article_modified_time":"2025-03-26T15:11:11+00:00","twitter_card":"summary_large_image","twitter_misc":{"Estimated reading time":"3 minutes"},"schema":{"@context":"https:\/\/schema.org","@graph":[{"@type":"WebPage","@id":"https:\/\/yogapetra.de\/deine-erste-yogastunde\/","url":"https:\/\/yogapetra.de\/deine-erste-yogastunde\/","name":"Your first yoga class - Yoga with Petra","isPartOf":{"@id":"https:\/\/yogapetra.de\/#website"},"datePublished":"2022-04-06T08:13:46+00:00","dateModified":"2025-03-26T15:11:11+00:00","description":"Namast\u00e9, dear yogi! Here are a few tips for your first yoga class with YogaPetra:Which class is right for me?","breadcrumb":{"@id":"https:\/\/yogapetra.de\/deine-erste-yogastunde\/#breadcrumb"},"inLanguage":"en-GB","potentialAction":[{"@type":"ReadAction","target":["https:\/\/yogapetra.de\/deine-erste-yogastunde\/"]}]},{"@type":"BreadcrumbList","@id":"https:\/\/yogapetra.de\/deine-erste-yogastunde\/#breadcrumb","itemListElement":[{"@type":"ListItem","position":1,"name":"Startseite","item":"https:\/\/yogapetra.de\/"},{"@type":"ListItem","position":2,"name":"Deine erste Yogastunde"}]},{"@type":"WebSite","@id":"https:\/\/yogapetra.de\/#website","url":"https:\/\/yogapetra.de\/","name":"Yoga with Petra","description":"Your yoga in Donauw\u00f6rth","potentialAction":[{"@type":"SearchAction","target":{"@type":"EntryPoint","urlTemplate":"https:\/\/yogapetra.de\/?s={search_term_string}"},"query-input":{"@type":"PropertyValueSpecification","valueRequired":true,"valueName":"search_term_string"}}],"inLanguage":"en-GB"}]}},"_links":{"self":[{"href":"https:\/\/yogapetra.de\/en\/wp-json\/wp\/v2\/pages\/149","targetHints":{"allow":["GET"]}}],"collection":[{"href":"https:\/\/yogapetra.de\/en\/wp-json\/wp\/v2\/pages"}],"about":[{"href":"https:\/\/yogapetra.de\/en\/wp-json\/wp\/v2\/types\/page"}],"author":[{"embeddable":true,"href":"https:\/\/yogapetra.de\/en\/wp-json\/wp\/v2\/users\/1"}],"replies":[{"embeddable":true,"href":"https:\/\/yogapetra.de\/en\/wp-json\/wp\/v2\/comments?post=149"}],"version-history":[{"count":15,"href":"https:\/\/yogapetra.de\/en\/wp-json\/wp\/v2\/pages\/149\/revisions"}],"predecessor-version":[{"id":3085,"href":"https:\/\/yogapetra.de\/en\/wp-json\/wp\/v2\/pages\/149\/revisions\/3085"}],"wp:attachment":[{"href":"https:\/\/yogapetra.de\/en\/wp-json\/wp\/v2\/media?parent=149"}],"curies":[{"name":"wp","href":"https:\/\/api.w.org\/{rel}","templated":true}]}}