{"id":151,"date":"2022-04-06T08:15:18","date_gmt":"2022-04-06T08:15:18","guid":{"rendered":"https:\/\/yogapetra.de\/?page_id=151"},"modified":"2026-02-02T11:02:04","modified_gmt":"2026-02-02T11:02:04","slug":"anmeldung-fuer-deine-yogastunde","status":"publish","type":"page","link":"https:\/\/yogapetra.de\/en\/anmeldung-fuer-deine-yogastunde\/","title":{"rendered":"Dates and Registration"},"content":{"rendered":"<p>Finca Yoga with Petra in Mallorca!<\/p>\n<p>Do yoga wherever you go on vacation, at your place of power, whenever you want and with whomever you want!<\/p>\n<p>Information about the beginner and advanced course can be found <a href=\"https:\/\/yogapetra.de\/en\/deine-erste-yogastunde\/\" target=\"_blank\" style=\"outline: none;\">here<\/a>!<\/p>\n<p><span style=\"\"><img decoding=\"async\" alt=\"\" data-id=\"350\" data-init-width=\"2560\" data-init-height=\"1709\" title=\"NIK_2844\" loading=\"lazy\" src=\"https:\/\/yogapetra.de\/wp-content\/uploads\/2022\/05\/NIK_2844-scaled.jpeg\" data-width=\"591\" data-height=\"395\" style=\"aspect-ratio: auto 2560 \/ 1709;\" ml-d=\"-128\" center-h-d=\"false\" width=\"591\" height=\"395\"><\/span><\/p>\n<p>Yoga Petra is offering yoga classes exclusively at your finca this year.<\/p>\n<p>I look forward to your registration.<\/p>\n<p><span><img decoding=\"async\" alt=\"\" data-id=\"4142\" width=\"365\" data-init-width=\"1600\" height=\"274\" data-init-height=\"1200\" title=\"WhatsApp Image 2025-10-05 at 16.13.04 (4)\" loading=\"lazy\" src=\"https:\/\/yogapetra.de\/wp-content\/uploads\/2026\/02\/WhatsApp-Image-2025-10-05-at-16.13.04-4.jpeg\" data-width=\"365\" data-height=\"274\" style=\"aspect-ratio: auto 1600 \/ 1200;\"><\/span><span><img decoding=\"async\" alt=\"\" data-id=\"4148\" width=\"494\" data-init-width=\"1600\" height=\"278\" data-init-height=\"900\" title=\"WhatsApp Image 2025-05-28 at 11.59.01\" loading=\"lazy\" src=\"https:\/\/yogapetra.de\/wp-content\/uploads\/2026\/02\/WhatsApp-Image-2025-05-28-at-11.59.01.jpeg\" data-width=\"494\" data-height=\"278\" style=\"aspect-ratio: auto 1600 \/ 900;\"><\/span><\/p>\n<p>That was Yoga with Petra 2025!&nbsp;<\/p>\n<p>&#8222;Liebe Petra, auch wir haben die Yogastunde mit dir sehr genossen und es war f\u00fcr uns ein tolles Erlebnis. Gerne darfst du Fotos mit oder ohne Gesichtserkennung nutzen. Viele liebe Gr\u00fc\u00dfe \ud83d\ude4b\u200d\u2640\ufe0f&#8220; (Andrea aus Leipzig)<\/p><\/p>","protected":false},"excerpt":{"rendered":"<p>Finca Yoga mit Petra auf Mallorca! Mache dort Yoga wo Du Urlaub machst, an Deinem Kraftort, wann Du willst und mit wem Du willst! Informationen zum Anf\u00e4nger und Fortgeschrittenen Kurs findest Du hier! Yoga Petra bietet Dir in diesem Jahr ausschlie\u00dflich Yogastunden auf Deiner Finca an. Ich freue mich auf Deine Anmeldung. Das war Yoga [&hellip;]<\/p>\n","protected":false},"author":1,"featured_media":0,"parent":0,"menu_order":0,"comment_status":"open","ping_status":"closed","template":"","meta":{"footnotes":""},"class_list":["post-151","page","type-page","status-publish","hentry","post-wrapper","thrv_wrapper"],"yoast_head":"<!-- This site is optimized with the Yoast SEO plugin v27.4 - https:\/\/yoast.com\/product\/yoast-seo-wordpress\/ -->\n<title>Termine und Anmeldung - Yoga mit Petra<\/title>\n<meta name=\"description\" content=\"YogaPetra NEWS!!!YogaPetra jetzt auf Mallorca in Pr\u00e4senz oder jederzeit online f\u00fcr Dich!\" \/>\n<meta name=\"robots\" content=\"index, follow, max-snippet:-1, max-image-preview:large, max-video-preview:-1\" \/>\n<link rel=\"canonical\" href=\"https:\/\/yogapetra.de\/en\/anmeldung-fuer-deine-yogastunde\/\" \/>\n<meta property=\"og:locale\" content=\"en_GB\" \/>\n<meta property=\"og:type\" content=\"article\" \/>\n<meta property=\"og:title\" content=\"Termine und Anmeldung - Yoga mit Petra\" \/>\n<meta property=\"og:description\" content=\"YogaPetra NEWS!!!YogaPetra jetzt auf Mallorca in Pr\u00e4senz oder jederzeit online f\u00fcr Dich!\" \/>\n<meta property=\"og:url\" content=\"https:\/\/yogapetra.de\/en\/anmeldung-fuer-deine-yogastunde\/\" \/>\n<meta property=\"og:site_name\" content=\"Yoga mit Petra\" \/>\n<meta property=\"article:modified_time\" content=\"2026-02-02T11:02:04+00:00\" \/>\n<meta property=\"og:image\" content=\"https:\/\/yogapetra.de\/wp-content\/uploads\/2022\/05\/NIK_2844-scaled.jpeg\" \/>\n<meta name=\"twitter:card\" content=\"summary_large_image\" \/>\n<meta name=\"twitter:label1\" content=\"Estimated reading time\" \/>\n\t<meta name=\"twitter:data1\" content=\"2 minutes\" \/>\n<script type=\"application\/ld+json\" class=\"yoast-schema-graph\">{\"@context\":\"https:\\\/\\\/schema.org\",\"@graph\":[{\"@type\":\"WebPage\",\"@id\":\"https:\\\/\\\/yogapetra.de\\\/anmeldung-fuer-deine-yogastunde\\\/\",\"url\":\"https:\\\/\\\/yogapetra.de\\\/anmeldung-fuer-deine-yogastunde\\\/\",\"name\":\"Termine und Anmeldung - Yoga mit Petra\",\"isPartOf\":{\"@id\":\"https:\\\/\\\/yogapetra.de\\\/#website\"},\"primaryImageOfPage\":{\"@id\":\"https:\\\/\\\/yogapetra.de\\\/anmeldung-fuer-deine-yogastunde\\\/#primaryimage\"},\"image\":{\"@id\":\"https:\\\/\\\/yogapetra.de\\\/anmeldung-fuer-deine-yogastunde\\\/#primaryimage\"},\"thumbnailUrl\":\"https:\\\/\\\/yogapetra.de\\\/wp-content\\\/uploads\\\/2022\\\/05\\\/NIK_2844-scaled.jpeg\",\"datePublished\":\"2022-04-06T08:15:18+00:00\",\"dateModified\":\"2026-02-02T11:02:04+00:00\",\"description\":\"YogaPetra NEWS!!!YogaPetra jetzt auf Mallorca in Pr\u00e4senz oder jederzeit online f\u00fcr Dich!\",\"breadcrumb\":{\"@id\":\"https:\\\/\\\/yogapetra.de\\\/anmeldung-fuer-deine-yogastunde\\\/#breadcrumb\"},\"inLanguage\":\"en-GB\",\"potentialAction\":[{\"@type\":\"ReadAction\",\"target\":[\"https:\\\/\\\/yogapetra.de\\\/anmeldung-fuer-deine-yogastunde\\\/\"]}]},{\"@type\":\"ImageObject\",\"inLanguage\":\"en-GB\",\"@id\":\"https:\\\/\\\/yogapetra.de\\\/anmeldung-fuer-deine-yogastunde\\\/#primaryimage\",\"url\":\"https:\\\/\\\/yogapetra.de\\\/wp-content\\\/uploads\\\/2022\\\/05\\\/NIK_2844-scaled.jpeg\",\"contentUrl\":\"https:\\\/\\\/yogapetra.de\\\/wp-content\\\/uploads\\\/2022\\\/05\\\/NIK_2844-scaled.jpeg\"},{\"@type\":\"BreadcrumbList\",\"@id\":\"https:\\\/\\\/yogapetra.de\\\/anmeldung-fuer-deine-yogastunde\\\/#breadcrumb\",\"itemListElement\":[{\"@type\":\"ListItem\",\"position\":1,\"name\":\"Startseite\",\"item\":\"https:\\\/\\\/yogapetra.de\\\/\"},{\"@type\":\"ListItem\",\"position\":2,\"name\":\"Termine und Anmeldung\"}]},{\"@type\":\"WebSite\",\"@id\":\"https:\\\/\\\/yogapetra.de\\\/#website\",\"url\":\"https:\\\/\\\/yogapetra.de\\\/\",\"name\":\"Yoga mit Petra\",\"description\":\"Dein Yoga in Donauw\u00f6rth\",\"potentialAction\":[{\"@type\":\"SearchAction\",\"target\":{\"@type\":\"EntryPoint\",\"urlTemplate\":\"https:\\\/\\\/yogapetra.de\\\/?s={search_term_string}\"},\"query-input\":{\"@type\":\"PropertyValueSpecification\",\"valueRequired\":true,\"valueName\":\"search_term_string\"}}],\"inLanguage\":\"en-GB\"}]}<\/script>\n<!-- \/ Yoast SEO plugin. -->","yoast_head_json":{"title":"Dates and registration - Yoga with Petra","description":"YogaPetra NEWS!!! YogaPetra now in Mallorca in person or anytime online for you!","robots":{"index":"index","follow":"follow","max-snippet":"max-snippet:-1","max-image-preview":"max-image-preview:large","max-video-preview":"max-video-preview:-1"},"canonical":"https:\/\/yogapetra.de\/en\/anmeldung-fuer-deine-yogastunde\/","og_locale":"en_GB","og_type":"article","og_title":"Termine und Anmeldung - Yoga mit Petra","og_description":"YogaPetra NEWS!!!YogaPetra jetzt auf Mallorca in Pr\u00e4senz oder jederzeit online f\u00fcr Dich!","og_url":"https:\/\/yogapetra.de\/en\/anmeldung-fuer-deine-yogastunde\/","og_site_name":"Yoga mit Petra","article_modified_time":"2026-02-02T11:02:04+00:00","og_image":[{"url":"https:\/\/yogapetra.de\/wp-content\/uploads\/2022\/05\/NIK_2844-scaled.jpeg","type":"","width":"","height":""}],"twitter_card":"summary_large_image","twitter_misc":{"Estimated reading time":"2 minutes"},"schema":{"@context":"https:\/\/schema.org","@graph":[{"@type":"WebPage","@id":"https:\/\/yogapetra.de\/anmeldung-fuer-deine-yogastunde\/","url":"https:\/\/yogapetra.de\/anmeldung-fuer-deine-yogastunde\/","name":"Dates and registration - Yoga with Petra","isPartOf":{"@id":"https:\/\/yogapetra.de\/#website"},"primaryImageOfPage":{"@id":"https:\/\/yogapetra.de\/anmeldung-fuer-deine-yogastunde\/#primaryimage"},"image":{"@id":"https:\/\/yogapetra.de\/anmeldung-fuer-deine-yogastunde\/#primaryimage"},"thumbnailUrl":"https:\/\/yogapetra.de\/wp-content\/uploads\/2022\/05\/NIK_2844-scaled.jpeg","datePublished":"2022-04-06T08:15:18+00:00","dateModified":"2026-02-02T11:02:04+00:00","description":"YogaPetra NEWS!!! YogaPetra now in Mallorca in person or anytime online for you!","breadcrumb":{"@id":"https:\/\/yogapetra.de\/anmeldung-fuer-deine-yogastunde\/#breadcrumb"},"inLanguage":"en-GB","potentialAction":[{"@type":"ReadAction","target":["https:\/\/yogapetra.de\/anmeldung-fuer-deine-yogastunde\/"]}]},{"@type":"ImageObject","inLanguage":"en-GB","@id":"https:\/\/yogapetra.de\/anmeldung-fuer-deine-yogastunde\/#primaryimage","url":"https:\/\/yogapetra.de\/wp-content\/uploads\/2022\/05\/NIK_2844-scaled.jpeg","contentUrl":"https:\/\/yogapetra.de\/wp-content\/uploads\/2022\/05\/NIK_2844-scaled.jpeg"},{"@type":"BreadcrumbList","@id":"https:\/\/yogapetra.de\/anmeldung-fuer-deine-yogastunde\/#breadcrumb","itemListElement":[{"@type":"ListItem","position":1,"name":"Startseite","item":"https:\/\/yogapetra.de\/"},{"@type":"ListItem","position":2,"name":"Termine und Anmeldung"}]},{"@type":"WebSite","@id":"https:\/\/yogapetra.de\/#website","url":"https:\/\/yogapetra.de\/","name":"Yoga with Petra","description":"Your yoga in Donauw\u00f6rth","potentialAction":[{"@type":"SearchAction","target":{"@type":"EntryPoint","urlTemplate":"https:\/\/yogapetra.de\/?s={search_term_string}"},"query-input":{"@type":"PropertyValueSpecification","valueRequired":true,"valueName":"search_term_string"}}],"inLanguage":"en-GB"}]}},"_links":{"self":[{"href":"https:\/\/yogapetra.de\/en\/wp-json\/wp\/v2\/pages\/151","targetHints":{"allow":["GET"]}}],"collection":[{"href":"https:\/\/yogapetra.de\/en\/wp-json\/wp\/v2\/pages"}],"about":[{"href":"https:\/\/yogapetra.de\/en\/wp-json\/wp\/v2\/types\/page"}],"author":[{"embeddable":true,"href":"https:\/\/yogapetra.de\/en\/wp-json\/wp\/v2\/users\/1"}],"replies":[{"embeddable":true,"href":"https:\/\/yogapetra.de\/en\/wp-json\/wp\/v2\/comments?post=151"}],"version-history":[{"count":207,"href":"https:\/\/yogapetra.de\/en\/wp-json\/wp\/v2\/pages\/151\/revisions"}],"predecessor-version":[{"id":4151,"href":"https:\/\/yogapetra.de\/en\/wp-json\/wp\/v2\/pages\/151\/revisions\/4151"}],"wp:attachment":[{"href":"https:\/\/yogapetra.de\/en\/wp-json\/wp\/v2\/media?parent=151"}],"curies":[{"name":"wp","href":"https:\/\/api.w.org\/{rel}","templated":true}]}}