{"id":224,"date":"2022-04-24T17:44:59","date_gmt":"2022-04-24T17:44:59","guid":{"rendered":"https:\/\/yogapetra.de\/?page_id=224"},"modified":"2024-10-02T10:38:28","modified_gmt":"2024-10-02T10:38:28","slug":"petra","status":"publish","type":"page","link":"https:\/\/yogapetra.de\/en\/petra\/","title":{"rendered":"Hi, I&#039;m Petra"},"content":{"rendered":"<p>and I have been practicing yoga for many years. I cannot imagine a life without yoga.<\/p>\n<p>I started on my yoga path about 25 years ago without even realizing it.<\/p>\n<p>At that time, I was already doing a variety of fitness training and was interested in people and their behavior. For this reason, I trained as a psychological counselor, specializing in solution-focused therapy and NLP. I then worked as a coach for a few years.<\/p>\n<p>It was only when I attended my first yoga class that I was able to experience that through yoga the body and mind experience healing and peace.<\/p>\n<p><span style=\"\"><img decoding=\"async\" alt=\"\" data-id=\"236\" width=\"350\" data-init-width=\"1708\" height=\"525\" data-init-height=\"2560\" title=\"NIK_2863\" loading=\"lazy\" src=\"https:\/\/yogapetra.de\/wp-content\/uploads\/2022\/04\/NIK_2863-scaled.jpg\" data-width=\"350\" data-height=\"525\" style=\"aspect-ratio: auto 1708 \/ 2560;\" mt-d=\"-1\"><\/span><\/p>\n<p>For me, yoga is more than just physical exercises and meditation; it is a holistic philosophy of life. Yoga is so variable that it can accompany you throughout your life and the practice can always be different. Yoga changes and brings out the positive in people.<\/p>\n<p>Yoga gives me joy. Yoga gives me flexibility and strength. Yoga gives me moments of happiness. Yoga always brings me back to myself and helps me to connect body, mind and soul and to focus on what is essential.<\/p>\n<p style=\"text-align: center;\"><strong>I would like to share this wonderful feeling with you from the bottom of my heart!<\/strong><\/p>\n<p>Namaste Petra<\/p>\n<\/p>\n<p>Give me some feedback!<\/p>\n<p>Please send me your feedback on our yoga class! With pictures if you like!<\/p>\n<p>If you have any questions about yoga practice, you can contact me here at any time:&nbsp;<a href=\"http:\/\/petra.schroettle@gmx.net\" target=\"_blank\" style=\"outline: currentcolor;\" rel=\"noopener\">E-mail<\/a><\/p>\n<p><span style=\"\"><img decoding=\"async\" alt=\"\" data-id=\"3108\" width=\"455\" data-init-width=\"1920\" height=\"606\" data-init-height=\"2560\" title=\"IMG_5308\" loading=\"lazy\" src=\"https:\/\/yogapetra.de\/wp-content\/uploads\/2024\/10\/IMG_5308-scaled.jpeg\" data-width=\"455\" data-height=\"606\" style=\"aspect-ratio: auto 1920 \/ 2560;\" ml-d=\"0\" mt-d=\"-36.375\"><\/span><\/p>\n<p style=\"\"><strong>Enter your text here\u2026<\/strong><\/p>","protected":false},"excerpt":{"rendered":"<p>und ich \u00fcbe seit vielen Jahren Yoga aus. Ein Leben ohne Yoga ist f\u00fcr mich nicht vorstellbar. Auf meinen Yoga Weg begab ich mich bereits vor ca. 25 Jahren, ohne das mir dies bewu\u00dft war. Ich habe damals schon regelm\u00e4\u00dfig Fitnesstraining verschiedenster Arten betrieben und mich f\u00fcr die Menschen und ihre Verhaltensweisen interessiert. Aus diesem [&hellip;]<\/p>\n","protected":false},"author":1,"featured_media":0,"parent":0,"menu_order":0,"comment_status":"closed","ping_status":"closed","template":"","meta":{"footnotes":""},"class_list":["post-224","page","type-page","status-publish","hentry","post-wrapper","thrv_wrapper"],"yoast_head":"<!-- This site is optimized with the Yoast SEO plugin v27.4 - https:\/\/yoast.com\/product\/yoast-seo-wordpress\/ -->\n<title>Hi, ich bin Petra - Yoga mit Petra<\/title>\n<meta name=\"robots\" content=\"index, follow, max-snippet:-1, max-image-preview:large, max-video-preview:-1\" \/>\n<link rel=\"canonical\" href=\"https:\/\/yogapetra.de\/en\/petra\/\" \/>\n<meta property=\"og:locale\" content=\"en_GB\" \/>\n<meta property=\"og:type\" content=\"article\" \/>\n<meta property=\"og:title\" content=\"Hi, ich bin Petra - Yoga mit Petra\" \/>\n<meta property=\"og:description\" content=\"und ich \u00fcbe seit vielen Jahren Yoga aus. Ein Leben ohne Yoga ist f\u00fcr mich nicht vorstellbar. Auf meinen Yoga Weg begab ich mich bereits vor ca. 25 Jahren, ohne das mir dies bewu\u00dft war. Ich habe damals schon regelm\u00e4\u00dfig Fitnesstraining verschiedenster Arten betrieben und mich f\u00fcr die Menschen und ihre Verhaltensweisen interessiert. Aus diesem [&hellip;]\" \/>\n<meta property=\"og:url\" content=\"https:\/\/yogapetra.de\/en\/petra\/\" \/>\n<meta property=\"og:site_name\" content=\"Yoga mit Petra\" \/>\n<meta property=\"article:modified_time\" content=\"2024-10-02T10:38:28+00:00\" \/>\n<meta property=\"og:image\" content=\"https:\/\/yogapetra.de\/wp-content\/uploads\/2022\/04\/NIK_2863-scaled.jpg\" \/>\n<meta name=\"twitter:card\" content=\"summary_large_image\" \/>\n<script type=\"application\/ld+json\" class=\"yoast-schema-graph\">{\"@context\":\"https:\\\/\\\/schema.org\",\"@graph\":[{\"@type\":\"WebPage\",\"@id\":\"https:\\\/\\\/yogapetra.de\\\/petra\\\/\",\"url\":\"https:\\\/\\\/yogapetra.de\\\/petra\\\/\",\"name\":\"Hi, ich bin Petra - Yoga mit Petra\",\"isPartOf\":{\"@id\":\"https:\\\/\\\/yogapetra.de\\\/#website\"},\"primaryImageOfPage\":{\"@id\":\"https:\\\/\\\/yogapetra.de\\\/petra\\\/#primaryimage\"},\"image\":{\"@id\":\"https:\\\/\\\/yogapetra.de\\\/petra\\\/#primaryimage\"},\"thumbnailUrl\":\"https:\\\/\\\/yogapetra.de\\\/wp-content\\\/uploads\\\/2022\\\/04\\\/NIK_2863-scaled.jpg\",\"datePublished\":\"2022-04-24T17:44:59+00:00\",\"dateModified\":\"2024-10-02T10:38:28+00:00\",\"breadcrumb\":{\"@id\":\"https:\\\/\\\/yogapetra.de\\\/petra\\\/#breadcrumb\"},\"inLanguage\":\"en-GB\",\"potentialAction\":[{\"@type\":\"ReadAction\",\"target\":[\"https:\\\/\\\/yogapetra.de\\\/petra\\\/\"]}]},{\"@type\":\"ImageObject\",\"inLanguage\":\"en-GB\",\"@id\":\"https:\\\/\\\/yogapetra.de\\\/petra\\\/#primaryimage\",\"url\":\"https:\\\/\\\/yogapetra.de\\\/wp-content\\\/uploads\\\/2022\\\/04\\\/NIK_2863-scaled.jpg\",\"contentUrl\":\"https:\\\/\\\/yogapetra.de\\\/wp-content\\\/uploads\\\/2022\\\/04\\\/NIK_2863-scaled.jpg\"},{\"@type\":\"BreadcrumbList\",\"@id\":\"https:\\\/\\\/yogapetra.de\\\/petra\\\/#breadcrumb\",\"itemListElement\":[{\"@type\":\"ListItem\",\"position\":1,\"name\":\"Startseite\",\"item\":\"https:\\\/\\\/yogapetra.de\\\/\"},{\"@type\":\"ListItem\",\"position\":2,\"name\":\"Hi, ich bin Petra\"}]},{\"@type\":\"WebSite\",\"@id\":\"https:\\\/\\\/yogapetra.de\\\/#website\",\"url\":\"https:\\\/\\\/yogapetra.de\\\/\",\"name\":\"Yoga mit Petra\",\"description\":\"Dein Yoga in Donauw\u00f6rth\",\"potentialAction\":[{\"@type\":\"SearchAction\",\"target\":{\"@type\":\"EntryPoint\",\"urlTemplate\":\"https:\\\/\\\/yogapetra.de\\\/?s={search_term_string}\"},\"query-input\":{\"@type\":\"PropertyValueSpecification\",\"valueRequired\":true,\"valueName\":\"search_term_string\"}}],\"inLanguage\":\"en-GB\"}]}<\/script>\n<!-- \/ Yoast SEO plugin. -->","yoast_head_json":{"title":"Hi, I&#039;m Petra - Yoga with Petra","robots":{"index":"index","follow":"follow","max-snippet":"max-snippet:-1","max-image-preview":"max-image-preview:large","max-video-preview":"max-video-preview:-1"},"canonical":"https:\/\/yogapetra.de\/en\/petra\/","og_locale":"en_GB","og_type":"article","og_title":"Hi, ich bin Petra - Yoga mit Petra","og_description":"und ich \u00fcbe seit vielen Jahren Yoga aus. Ein Leben ohne Yoga ist f\u00fcr mich nicht vorstellbar. Auf meinen Yoga Weg begab ich mich bereits vor ca. 25 Jahren, ohne das mir dies bewu\u00dft war. Ich habe damals schon regelm\u00e4\u00dfig Fitnesstraining verschiedenster Arten betrieben und mich f\u00fcr die Menschen und ihre Verhaltensweisen interessiert. Aus diesem [&hellip;]","og_url":"https:\/\/yogapetra.de\/en\/petra\/","og_site_name":"Yoga mit Petra","article_modified_time":"2024-10-02T10:38:28+00:00","og_image":[{"url":"https:\/\/yogapetra.de\/wp-content\/uploads\/2022\/04\/NIK_2863-scaled.jpg","type":"","width":"","height":""}],"twitter_card":"summary_large_image","schema":{"@context":"https:\/\/schema.org","@graph":[{"@type":"WebPage","@id":"https:\/\/yogapetra.de\/petra\/","url":"https:\/\/yogapetra.de\/petra\/","name":"Hi, I&#039;m Petra - Yoga with Petra","isPartOf":{"@id":"https:\/\/yogapetra.de\/#website"},"primaryImageOfPage":{"@id":"https:\/\/yogapetra.de\/petra\/#primaryimage"},"image":{"@id":"https:\/\/yogapetra.de\/petra\/#primaryimage"},"thumbnailUrl":"https:\/\/yogapetra.de\/wp-content\/uploads\/2022\/04\/NIK_2863-scaled.jpg","datePublished":"2022-04-24T17:44:59+00:00","dateModified":"2024-10-02T10:38:28+00:00","breadcrumb":{"@id":"https:\/\/yogapetra.de\/petra\/#breadcrumb"},"inLanguage":"en-GB","potentialAction":[{"@type":"ReadAction","target":["https:\/\/yogapetra.de\/petra\/"]}]},{"@type":"ImageObject","inLanguage":"en-GB","@id":"https:\/\/yogapetra.de\/petra\/#primaryimage","url":"https:\/\/yogapetra.de\/wp-content\/uploads\/2022\/04\/NIK_2863-scaled.jpg","contentUrl":"https:\/\/yogapetra.de\/wp-content\/uploads\/2022\/04\/NIK_2863-scaled.jpg"},{"@type":"BreadcrumbList","@id":"https:\/\/yogapetra.de\/petra\/#breadcrumb","itemListElement":[{"@type":"ListItem","position":1,"name":"Startseite","item":"https:\/\/yogapetra.de\/"},{"@type":"ListItem","position":2,"name":"Hi, ich bin Petra"}]},{"@type":"WebSite","@id":"https:\/\/yogapetra.de\/#website","url":"https:\/\/yogapetra.de\/","name":"Yoga with Petra","description":"Your yoga in Donauw\u00f6rth","potentialAction":[{"@type":"SearchAction","target":{"@type":"EntryPoint","urlTemplate":"https:\/\/yogapetra.de\/?s={search_term_string}"},"query-input":{"@type":"PropertyValueSpecification","valueRequired":true,"valueName":"search_term_string"}}],"inLanguage":"en-GB"}]}},"_links":{"self":[{"href":"https:\/\/yogapetra.de\/en\/wp-json\/wp\/v2\/pages\/224","targetHints":{"allow":["GET"]}}],"collection":[{"href":"https:\/\/yogapetra.de\/en\/wp-json\/wp\/v2\/pages"}],"about":[{"href":"https:\/\/yogapetra.de\/en\/wp-json\/wp\/v2\/types\/page"}],"author":[{"embeddable":true,"href":"https:\/\/yogapetra.de\/en\/wp-json\/wp\/v2\/users\/1"}],"replies":[{"embeddable":true,"href":"https:\/\/yogapetra.de\/en\/wp-json\/wp\/v2\/comments?post=224"}],"version-history":[{"count":21,"href":"https:\/\/yogapetra.de\/en\/wp-json\/wp\/v2\/pages\/224\/revisions"}],"predecessor-version":[{"id":3111,"href":"https:\/\/yogapetra.de\/en\/wp-json\/wp\/v2\/pages\/224\/revisions\/3111"}],"wp:attachment":[{"href":"https:\/\/yogapetra.de\/en\/wp-json\/wp\/v2\/media?parent=224"}],"curies":[{"name":"wp","href":"https:\/\/api.w.org\/{rel}","templated":true}]}}